{"id":150,"date":"2019-12-05T14:09:26","date_gmt":"2019-12-05T13:09:26","guid":{"rendered":"https:\/\/cankarjeva-nagrada.si\/?page_id=150"},"modified":"2025-11-03T17:00:25","modified_gmt":"2025-11-03T16:00:25","slug":"the-board-and-the-jury","status":"publish","type":"page","link":"https:\/\/cankarjeva-nagrada.si\/en\/the-board-and-the-jury\/","title":{"rendered":"The Board and the Jury"},"content":{"rendered":"\n<h2 class=\"wp-block-heading\">The Board<\/h2>\n\n\n\n<p>The Board (2025-2029) is composed of five members \u2013 representatives of the co-founding institutions:<\/p>\n\n\n\n<ul class=\"wp-block-list\">\n<li><strong>Helena Kralji\u010d<\/strong>, representative of PEN Slovenia (President)<\/li>\n\n\n\n<li><strong>Nina Ditmajer Prando<\/strong>, representative of ZRC SAZU \u2013 Scientific Research Centre of the Slovenian Academy of Sciences and Arts (Vice President)<\/li>\n\n\n\n<li><strong>Mirko Bratu\u0161a<\/strong>, representative of SAZU \u2013 Slovenian Academy of Sciences and Arts<\/li>\n\n\n\n<li><strong>Namita Subiotto<\/strong>, representative of the University of Ljubljana<br><br>Contact email:\u00a0<a href=\"mailto:cankarjeva.nagrada@zrc-sazu.si\" target=\"_blank\" rel=\"noreferrer noopener\">cankarjeva.nagrada@zrc-sazu.si<\/a><br><br>Former Board members: Marko Golja, Marijan Dovi\u0107, Alojzija Zupan Sosi\u010d, Sonja \u017dakelj, Nina \u0160enk Kosem, Jasmina Spahali\u0107.<\/li>\n<\/ul>\n\n\n\n<h2 class=\"wp-block-heading\">The Jury<\/h2>\n\n\n\n<p>The members of the Jury (in alphabetical order):<\/p>\n\n\n\n<ul class=\"wp-block-list\">\n<li><strong>Igor Divjak<\/strong><\/li>\n\n\n\n<li><strong>Alenka Koron<\/strong><\/li>\n\n\n\n<li><strong>Mateja Pezdirc Bartol<\/strong><\/li>\n\n\n\n<li><strong>Diana Punger\u0161i\u010d<\/strong> (substituted in 2024 by <strong>Simona Semeni\u010d<\/strong>)<\/li>\n\n\n\n<li><strong>Toma\u017e Topori\u0161i\u010d<\/strong><\/li>\n<\/ul>\n\n\n\n<p>Former Jury members: Matej Bogataj, Ana Ger\u0161ak, Niko Grafenauer, Darja Pavli\u010d, Alja Predan, Ivan Ver\u010d.<\/p>\n","protected":false},"excerpt":{"rendered":"<p>The Board The Board (2025-2029) is composed of five members \u2013 representatives of the co-founding institutions: The Jury The members of the Jury (in alphabetical order): Former Jury members: Matej Bogataj, Ana Ger\u0161ak, Niko Grafenauer, Darja Pavli\u010d, Alja Predan, Ivan Ver\u010d.<\/p>\n","protected":false},"author":1,"featured_media":0,"parent":0,"menu_order":0,"comment_status":"closed","ping_status":"closed","template":"","meta":{"footnotes":""},"class_list":["post-150","page","type-page","status-publish","hentry"],"_links":{"self":[{"href":"https:\/\/cankarjeva-nagrada.si\/en\/wp-json\/wp\/v2\/pages\/150","targetHints":{"allow":["GET"]}}],"collection":[{"href":"https:\/\/cankarjeva-nagrada.si\/en\/wp-json\/wp\/v2\/pages"}],"about":[{"href":"https:\/\/cankarjeva-nagrada.si\/en\/wp-json\/wp\/v2\/types\/page"}],"author":[{"embeddable":true,"href":"https:\/\/cankarjeva-nagrada.si\/en\/wp-json\/wp\/v2\/users\/1"}],"replies":[{"embeddable":true,"href":"https:\/\/cankarjeva-nagrada.si\/en\/wp-json\/wp\/v2\/comments?post=150"}],"version-history":[{"count":14,"href":"https:\/\/cankarjeva-nagrada.si\/en\/wp-json\/wp\/v2\/pages\/150\/revisions"}],"predecessor-version":[{"id":828,"href":"https:\/\/cankarjeva-nagrada.si\/en\/wp-json\/wp\/v2\/pages\/150\/revisions\/828"}],"wp:attachment":[{"href":"https:\/\/cankarjeva-nagrada.si\/en\/wp-json\/wp\/v2\/media?parent=150"}],"curies":[{"name":"wp","href":"https:\/\/api.w.org\/{rel}","templated":true}]}}