{"id":146,"date":"2019-12-05T14:04:38","date_gmt":"2019-12-05T13:04:38","guid":{"rendered":"https:\/\/cankarjeva-nagrada.si\/?page_id=146"},"modified":"2024-05-31T21:27:57","modified_gmt":"2024-05-31T19:27:57","slug":"the-archive","status":"publish","type":"page","link":"https:\/\/cankarjeva-nagrada.si\/en\/the-archive\/","title":{"rendered":"The Archive"},"content":{"rendered":"\n<p><em>Cankar Award 202<\/em>4<\/p>\n\n\n\n<p><strong>Denis \u0160kofi\u010d<\/strong>: <em>Tuskulum<\/em>. Ljubljana: Cankarjeva zalo\u017eba, 2023.<\/p>\n\n\n\n<p>Other nominated works:<br>Mateja Gomboc: <em>Gorica<\/em><br>Anja Mugerli: <em>Pri\u010dakovanja<\/em><br>Pia Prezelj: <em>Te\u017eka voda<\/em><br>Ale\u0161 \u0160teger: <em>Na mestu napisano<\/em><br><\/p>\n\n\n\n<p><em>Cankar Award 2023<\/em><\/p>\n\n\n\n<p><strong>Mojca Kumerdej<\/strong>: <em>Gluha soba<\/em>. Novo mesto: Goga, 2022.<\/p>\n\n\n\n<p>Other nominated works:<br>Katja Gore\u010dan: <em>Materinska knji\u017eica<\/em><br>Lado Kralj: <em>Ne bom se ve\u010d drsal na bajerju<\/em><br>Adriana Ku\u010di:<em> Ime mi je Sarajevo<\/em><br>Mirana Likar: <em>\u017denska hi\u0161a<\/em><br><\/p>\n\n\n\n<p><em>Cankar Award 2022<\/em><\/p>\n\n\n\n<p><strong>Simona Semeni\u010d<\/strong>: <em>Tri igre za punce<\/em>. Ljubljana: Beletrina, 2021.<\/p>\n\n\n\n<p>Other nominated works:<br>Nina Dragi\u010devi\u0107: <em>To telo, pokon\u010dno<\/em><br>Du\u0161an \u0160arotar: <em>Zvezdna karta<\/em><br><\/p>\n\n\n\n<p><em>Cankar Award 2021<\/em><\/p>\n\n\n\n<p><strong>Ga\u0161per Kralj<\/strong>: <em>\u0160krbine<\/em>. Ljubljana: *cf, 2020.<\/p>\n\n\n\n<p>Other nominated works:<br>Andrej Blatnik: <em>Luknje<br><\/em>Mirana Likar: <em>Pripovedovalec<br><\/em>Lucija Stepan\u010di\u010d: <em>Naj me kdo zbudi<\/em><br><\/p>\n\n\n\n<p><em>Cankar Award 2020<\/em><\/p>\n\n\n\n<p><strong>Sebastijan Pregelj<\/strong>: <em>V Elvisovi sobi<\/em>. Novo mesto: Zalo\u017eba Goga, 2019.<\/p>\n\n\n\n<p>Other nominated works:<br>Vinko M\u00f6derndorfer: <em>Ljudomrznik na tr\u017enici<br><\/em>Simona Semeni\u010d: <em>To jabolko, zlato<br><\/em>Brane Senega\u010dnik: <em>Pogovori z nikomer<\/em><\/p>\n","protected":false},"excerpt":{"rendered":"<p>Cankar Award 2024 Denis \u0160kofi\u010d: Tuskulum. Ljubljana: Cankarjeva zalo\u017eba, 2023. Other nominated works:Mateja Gomboc: GoricaAnja Mugerli: Pri\u010dakovanjaPia Prezelj: Te\u017eka vodaAle\u0161 \u0160teger: Na mestu napisano Cankar Award 2023 Mojca Kumerdej: Gluha soba. Novo mesto: Goga, 2022. Other nominated works:Katja Gore\u010dan: Materinska knji\u017eicaLado Kralj: Ne bom se ve\u010d drsal na bajerjuAdriana Ku\u010di: Ime mi je SarajevoMirana Likar: &hellip; <\/p>\n<p class=\"link-more\"><a href=\"https:\/\/cankarjeva-nagrada.si\/en\/the-archive\/\" class=\"more-link\">Continue reading<span class=\"screen-reader-text\"> &#8220;The Archive&#8221;<\/span><\/a><\/p>\n","protected":false},"author":1,"featured_media":0,"parent":0,"menu_order":0,"comment_status":"closed","ping_status":"closed","template":"","meta":{"footnotes":""},"class_list":["post-146","page","type-page","status-publish","hentry"],"_links":{"self":[{"href":"https:\/\/cankarjeva-nagrada.si\/en\/wp-json\/wp\/v2\/pages\/146","targetHints":{"allow":["GET"]}}],"collection":[{"href":"https:\/\/cankarjeva-nagrada.si\/en\/wp-json\/wp\/v2\/pages"}],"about":[{"href":"https:\/\/cankarjeva-nagrada.si\/en\/wp-json\/wp\/v2\/types\/page"}],"author":[{"embeddable":true,"href":"https:\/\/cankarjeva-nagrada.si\/en\/wp-json\/wp\/v2\/users\/1"}],"replies":[{"embeddable":true,"href":"https:\/\/cankarjeva-nagrada.si\/en\/wp-json\/wp\/v2\/comments?post=146"}],"version-history":[{"count":7,"href":"https:\/\/cankarjeva-nagrada.si\/en\/wp-json\/wp\/v2\/pages\/146\/revisions"}],"predecessor-version":[{"id":781,"href":"https:\/\/cankarjeva-nagrada.si\/en\/wp-json\/wp\/v2\/pages\/146\/revisions\/781"}],"wp:attachment":[{"href":"https:\/\/cankarjeva-nagrada.si\/en\/wp-json\/wp\/v2\/media?parent=146"}],"curies":[{"name":"wp","href":"https:\/\/api.w.org\/{rel}","templated":true}]}}