{"id":144,"date":"2019-12-05T14:03:40","date_gmt":"2019-12-05T13:03:40","guid":{"rendered":"https:\/\/cankarjeva-nagrada.si\/?page_id=144"},"modified":"2024-05-31T21:26:49","modified_gmt":"2024-05-31T19:26:49","slug":"award-winners","status":"publish","type":"page","link":"https:\/\/cankarjeva-nagrada.si\/en\/award-winners\/","title":{"rendered":"Award Winners"},"content":{"rendered":"\n<p><em>Cankar Award 202<\/em>4<\/p>\n\n\n\n<p><strong>Denis \u0160kofi\u010d<\/strong>: <em>Tuskulum<\/em>. Ljubljana: Cankarjeva zalo\u017eba, 2023.<\/p>\n\n\n\n<figure class=\"wp-block-image is-resized\"><img loading=\"lazy\" decoding=\"async\" src=\"https:\/\/cankarjeva-nagrada.si\/wp-content\/uploads\/2024\/05\/CN_2024-foto-Jaka-Gasar_Dnevnik-1024x683.jpg\" alt=\"\" class=\"wp-image-763\" width=\"284\" height=\"189\" srcset=\"https:\/\/cankarjeva-nagrada.si\/wp-content\/uploads\/2024\/05\/CN_2024-foto-Jaka-Gasar_Dnevnik-1024x683.jpg 1024w, https:\/\/cankarjeva-nagrada.si\/wp-content\/uploads\/2024\/05\/CN_2024-foto-Jaka-Gasar_Dnevnik-300x200.jpg 300w, https:\/\/cankarjeva-nagrada.si\/wp-content\/uploads\/2024\/05\/CN_2024-foto-Jaka-Gasar_Dnevnik-768x512.jpg 768w, https:\/\/cankarjeva-nagrada.si\/wp-content\/uploads\/2024\/05\/CN_2024-foto-Jaka-Gasar_Dnevnik-1536x1024.jpg 1536w, https:\/\/cankarjeva-nagrada.si\/wp-content\/uploads\/2024\/05\/CN_2024-foto-Jaka-Gasar_Dnevnik-2048x1365.jpg 2048w\" sizes=\"auto, (max-width: 284px) 100vw, 284px\" \/><\/figure>\n\n\n\n<p><br><em>Cankar Award 2023<\/em><br><br><strong>Mojca Kumerdej<\/strong>: <em>Gluha soba<\/em>. Novo mesto: Goga, 2022.<\/p>\n\n\n\n<figure class=\"wp-block-image is-resized\"><img loading=\"lazy\" decoding=\"async\" src=\"https:\/\/cankarjeva-nagrada.si\/wp-content\/uploads\/2023\/05\/CN-2023_Mojca-Kumerdej.-Foto-Jaka-Gasar-Dnevnik.-1024x683.jpg\" alt=\"\" class=\"wp-image-705\" width=\"280\" height=\"186\" srcset=\"https:\/\/cankarjeva-nagrada.si\/wp-content\/uploads\/2023\/05\/CN-2023_Mojca-Kumerdej.-Foto-Jaka-Gasar-Dnevnik.-1024x683.jpg 1024w, https:\/\/cankarjeva-nagrada.si\/wp-content\/uploads\/2023\/05\/CN-2023_Mojca-Kumerdej.-Foto-Jaka-Gasar-Dnevnik.-300x200.jpg 300w, https:\/\/cankarjeva-nagrada.si\/wp-content\/uploads\/2023\/05\/CN-2023_Mojca-Kumerdej.-Foto-Jaka-Gasar-Dnevnik.-768x512.jpg 768w, https:\/\/cankarjeva-nagrada.si\/wp-content\/uploads\/2023\/05\/CN-2023_Mojca-Kumerdej.-Foto-Jaka-Gasar-Dnevnik.-1536x1024.jpg 1536w, https:\/\/cankarjeva-nagrada.si\/wp-content\/uploads\/2023\/05\/CN-2023_Mojca-Kumerdej.-Foto-Jaka-Gasar-Dnevnik.-2048x1365.jpg 2048w\" sizes=\"auto, (max-width: 280px) 100vw, 280px\" \/><\/figure>\n\n\n\n<p><br><em>Cankar Award 202<\/em>2<br><br><strong>Simona Semeni\u010d<\/strong>: <em>Tri igre za punce<\/em>. Ljubljana: Beletrina, 2021.<\/p>\n\n\n\n<figure class=\"wp-block-image size-full is-resized\"><img loading=\"lazy\" decoding=\"async\" src=\"https:\/\/cankarjeva-nagrada.si\/wp-content\/uploads\/2023\/05\/slika.png\" alt=\"\" class=\"wp-image-722\" width=\"280\" height=\"187\" srcset=\"https:\/\/cankarjeva-nagrada.si\/wp-content\/uploads\/2023\/05\/slika.png 768w, https:\/\/cankarjeva-nagrada.si\/wp-content\/uploads\/2023\/05\/slika-300x200.png 300w\" sizes=\"auto, (max-width: 280px) 100vw, 280px\" \/><\/figure>\n\n\n\n<p><br><em>Cankar Award 2021<\/em><\/p>\n\n\n\n<p><strong>Ga\u0161per Kralj<\/strong>: <em>\u0160krbine<\/em>. Ljubljana: *cf, 2020.<\/p>\n\n\n\n<figure class=\"wp-block-image is-resized\"><img loading=\"lazy\" decoding=\"async\" src=\"https:\/\/cankarjeva-nagrada.si\/wp-content\/uploads\/2021\/05\/Gasper-Kralj-1024x678.jpg\" alt=\"\" class=\"wp-image-564\" width=\"276\" height=\"183\" srcset=\"https:\/\/cankarjeva-nagrada.si\/wp-content\/uploads\/2021\/05\/Gasper-Kralj-1024x678.jpg 1024w, https:\/\/cankarjeva-nagrada.si\/wp-content\/uploads\/2021\/05\/Gasper-Kralj-300x199.jpg 300w, https:\/\/cankarjeva-nagrada.si\/wp-content\/uploads\/2021\/05\/Gasper-Kralj-768x509.jpg 768w, https:\/\/cankarjeva-nagrada.si\/wp-content\/uploads\/2021\/05\/Gasper-Kralj.jpg 1208w\" sizes=\"auto, (max-width: 276px) 100vw, 276px\" \/><\/figure>\n\n\n\n<p><br><em>Cankar Award 2020<\/em><\/p>\n\n\n\n<p><strong>Sebastijan Pregelj<\/strong>: <em>V Elvisovi sobi<\/em>. Novo mesto: Zalo\u017eba Goga, 2019.<\/p>\n\n\n\n<figure class=\"wp-block-image size-large\"><img loading=\"lazy\" decoding=\"async\" width=\"275\" height=\"183\" src=\"https:\/\/cankarjeva-nagrada.si\/wp-content\/uploads\/2020\/06\/image.jpeg\" alt=\"\" class=\"wp-image-288\"\/><\/figure>\n","protected":false},"excerpt":{"rendered":"<p>Cankar Award 2024 Denis \u0160kofi\u010d: Tuskulum. Ljubljana: Cankarjeva zalo\u017eba, 2023. Cankar Award 2023 Mojca Kumerdej: Gluha soba. Novo mesto: Goga, 2022. Cankar Award 2022 Simona Semeni\u010d: Tri igre za punce. Ljubljana: Beletrina, 2021. Cankar Award 2021 Ga\u0161per Kralj: \u0160krbine. Ljubljana: *cf, 2020. Cankar Award 2020 Sebastijan Pregelj: V Elvisovi sobi. Novo mesto: Zalo\u017eba Goga, 2019.<\/p>\n","protected":false},"author":1,"featured_media":0,"parent":0,"menu_order":0,"comment_status":"closed","ping_status":"closed","template":"","meta":{"footnotes":""},"class_list":["post-144","page","type-page","status-publish","hentry"],"_links":{"self":[{"href":"https:\/\/cankarjeva-nagrada.si\/en\/wp-json\/wp\/v2\/pages\/144","targetHints":{"allow":["GET"]}}],"collection":[{"href":"https:\/\/cankarjeva-nagrada.si\/en\/wp-json\/wp\/v2\/pages"}],"about":[{"href":"https:\/\/cankarjeva-nagrada.si\/en\/wp-json\/wp\/v2\/types\/page"}],"author":[{"embeddable":true,"href":"https:\/\/cankarjeva-nagrada.si\/en\/wp-json\/wp\/v2\/users\/1"}],"replies":[{"embeddable":true,"href":"https:\/\/cankarjeva-nagrada.si\/en\/wp-json\/wp\/v2\/comments?post=144"}],"version-history":[{"count":12,"href":"https:\/\/cankarjeva-nagrada.si\/en\/wp-json\/wp\/v2\/pages\/144\/revisions"}],"predecessor-version":[{"id":780,"href":"https:\/\/cankarjeva-nagrada.si\/en\/wp-json\/wp\/v2\/pages\/144\/revisions\/780"}],"wp:attachment":[{"href":"https:\/\/cankarjeva-nagrada.si\/en\/wp-json\/wp\/v2\/media?parent=144"}],"curies":[{"name":"wp","href":"https:\/\/api.w.org\/{rel}","templated":true}]}}